{"id":16206,"date":"2022-02-17T15:23:56","date_gmt":"2022-02-17T14:23:56","guid":{"rendered":"https:\/\/barcelona.enfermera.io\/?page_id=16206"},"modified":"2022-02-17T15:23:56","modified_gmt":"2022-02-17T14:23:56","slug":"centros-medicos-en-barcelona","status":"publish","type":"page","link":"https:\/\/enfermera.io\/barcelona\/centros-medicos-en-barcelona\/","title":{"rendered":"Centros m\u00e9dicos en Barcelona"},"content":{"rendered":"\n<p>Ofrecemos servicios de enfermer\u00eda en los mejores Centros M\u00e9dicos de Barcelona.<\/p>\n","protected":false},"excerpt":{"rendered":"<p>Ofrecemos servicios de enfermer\u00eda en los mejores Centros M\u00e9dicos de Barcelona.<\/p>\n","protected":false},"author":18,"featured_media":0,"parent":0,"menu_order":0,"comment_status":"closed","ping_status":"closed","template":"tpl-centros-medicos.php","meta":{"footnotes":""},"class_list":["post-16206","page","type-page","status-publish","hentry"],"yoast_head":"<!-- This site is optimized with the Yoast SEO Premium plugin v23.7 (Yoast SEO v23.7) - https:\/\/yoast.com\/wordpress\/plugins\/seo\/ -->\n<title>Centros m\u00e9dicos en Barcelona - Encuentra una enfermera en Barcelona<\/title>\n<meta name=\"robots\" content=\"index, follow, max-snippet:-1, max-image-preview:large, max-video-preview:-1\" \/>\n<link rel=\"canonical\" href=\"https:\/\/enfermera.io\/barcelona\/centros-medicos-en-barcelona\/\" \/>\n<meta property=\"og:locale\" content=\"es_ES\" \/>\n<meta property=\"og:type\" content=\"article\" \/>\n<meta property=\"og:title\" content=\"Centros m\u00e9dicos en Barcelona\" \/>\n<meta property=\"og:description\" content=\"Ofrecemos servicios de enfermer\u00eda en los mejores Centros M\u00e9dicos de Barcelona.\" \/>\n<meta property=\"og:url\" content=\"https:\/\/enfermera.io\/barcelona\/centros-medicos-en-barcelona\/\" \/>\n<meta property=\"og:site_name\" content=\"Encuentra una enfermera en Barcelona\" \/>\n<meta name=\"twitter:card\" content=\"summary_large_image\" \/>\n<script type=\"application\/ld+json\" class=\"yoast-schema-graph\">{\"@context\":\"https:\/\/schema.org\",\"@graph\":[{\"@type\":\"WebPage\",\"@id\":\"https:\/\/enfermera.io\/barcelona\/centros-medicos-en-barcelona\/\",\"url\":\"https:\/\/enfermera.io\/barcelona\/centros-medicos-en-barcelona\/\",\"name\":\"Centros m\u00e9dicos en Barcelona - Encuentra una enfermera en Barcelona\",\"isPartOf\":{\"@id\":\"https:\/\/enfermera.io\/barcelona\/#website\"},\"datePublished\":\"2022-02-17T14:23:56+00:00\",\"dateModified\":\"2022-02-17T14:23:56+00:00\",\"breadcrumb\":{\"@id\":\"https:\/\/enfermera.io\/barcelona\/centros-medicos-en-barcelona\/#breadcrumb\"},\"inLanguage\":\"es\",\"potentialAction\":[{\"@type\":\"ReadAction\",\"target\":[\"https:\/\/enfermera.io\/barcelona\/centros-medicos-en-barcelona\/\"]}]},{\"@type\":\"BreadcrumbList\",\"@id\":\"https:\/\/enfermera.io\/barcelona\/centros-medicos-en-barcelona\/#breadcrumb\",\"itemListElement\":[{\"@type\":\"ListItem\",\"position\":1,\"name\":\"Portada\",\"item\":\"https:\/\/enfermera.io\/barcelona\/\"},{\"@type\":\"ListItem\",\"position\":2,\"name\":\"Centros m\u00e9dicos en Barcelona\"}]},{\"@type\":\"WebSite\",\"@id\":\"https:\/\/enfermera.io\/barcelona\/#website\",\"url\":\"https:\/\/enfermera.io\/barcelona\/\",\"name\":\"Encuentra una enfermera en Barcelona\",\"description\":\"Recomendaci\u00f3n de servicios de enfermer\u00eda en Barcelona.\",\"potentialAction\":[{\"@type\":\"SearchAction\",\"target\":{\"@type\":\"EntryPoint\",\"urlTemplate\":\"https:\/\/enfermera.io\/barcelona\/?s={search_term_string}\"},\"query-input\":{\"@type\":\"PropertyValueSpecification\",\"valueRequired\":true,\"valueName\":\"search_term_string\"}}],\"inLanguage\":\"es\"}]}<\/script>\n<!-- \/ Yoast SEO Premium plugin. -->","yoast_head_json":{"title":"Centros m\u00e9dicos en Barcelona - Encuentra una enfermera en Barcelona","robots":{"index":"index","follow":"follow","max-snippet":"max-snippet:-1","max-image-preview":"max-image-preview:large","max-video-preview":"max-video-preview:-1"},"canonical":"https:\/\/enfermera.io\/barcelona\/centros-medicos-en-barcelona\/","og_locale":"es_ES","og_type":"article","og_title":"Centros m\u00e9dicos en Barcelona","og_description":"Ofrecemos servicios de enfermer\u00eda en los mejores Centros M\u00e9dicos de Barcelona.","og_url":"https:\/\/enfermera.io\/barcelona\/centros-medicos-en-barcelona\/","og_site_name":"Encuentra una enfermera en Barcelona","twitter_card":"summary_large_image","schema":{"@context":"https:\/\/schema.org","@graph":[{"@type":"WebPage","@id":"https:\/\/enfermera.io\/barcelona\/centros-medicos-en-barcelona\/","url":"https:\/\/enfermera.io\/barcelona\/centros-medicos-en-barcelona\/","name":"Centros m\u00e9dicos en Barcelona - Encuentra una enfermera en Barcelona","isPartOf":{"@id":"https:\/\/enfermera.io\/barcelona\/#website"},"datePublished":"2022-02-17T14:23:56+00:00","dateModified":"2022-02-17T14:23:56+00:00","breadcrumb":{"@id":"https:\/\/enfermera.io\/barcelona\/centros-medicos-en-barcelona\/#breadcrumb"},"inLanguage":"es","potentialAction":[{"@type":"ReadAction","target":["https:\/\/enfermera.io\/barcelona\/centros-medicos-en-barcelona\/"]}]},{"@type":"BreadcrumbList","@id":"https:\/\/enfermera.io\/barcelona\/centros-medicos-en-barcelona\/#breadcrumb","itemListElement":[{"@type":"ListItem","position":1,"name":"Portada","item":"https:\/\/enfermera.io\/barcelona\/"},{"@type":"ListItem","position":2,"name":"Centros m\u00e9dicos en Barcelona"}]},{"@type":"WebSite","@id":"https:\/\/enfermera.io\/barcelona\/#website","url":"https:\/\/enfermera.io\/barcelona\/","name":"Encuentra una enfermera en Barcelona","description":"Recomendaci\u00f3n de servicios de enfermer\u00eda en Barcelona.","potentialAction":[{"@type":"SearchAction","target":{"@type":"EntryPoint","urlTemplate":"https:\/\/enfermera.io\/barcelona\/?s={search_term_string}"},"query-input":{"@type":"PropertyValueSpecification","valueRequired":true,"valueName":"search_term_string"}}],"inLanguage":"es"}]}},"_links":{"self":[{"href":"https:\/\/enfermera.io\/barcelona\/wp-json\/wp\/v2\/pages\/16206"}],"collection":[{"href":"https:\/\/enfermera.io\/barcelona\/wp-json\/wp\/v2\/pages"}],"about":[{"href":"https:\/\/enfermera.io\/barcelona\/wp-json\/wp\/v2\/types\/page"}],"author":[{"embeddable":true,"href":"https:\/\/enfermera.io\/barcelona\/wp-json\/wp\/v2\/users\/18"}],"replies":[{"embeddable":true,"href":"https:\/\/enfermera.io\/barcelona\/wp-json\/wp\/v2\/comments?post=16206"}],"version-history":[{"count":0,"href":"https:\/\/enfermera.io\/barcelona\/wp-json\/wp\/v2\/pages\/16206\/revisions"}],"wp:attachment":[{"href":"https:\/\/enfermera.io\/barcelona\/wp-json\/wp\/v2\/media?parent=16206"}],"curies":[{"name":"wp","href":"https:\/\/api.w.org\/{rel}","templated":true}]}}