{"id":16159,"date":"2022-02-17T12:03:56","date_gmt":"2022-02-17T11:03:56","guid":{"rendered":"https:\/\/barcelona.enfermera.io\/?page_id=16159"},"modified":"2022-03-04T09:40:13","modified_gmt":"2022-03-04T09:40:13","slug":"pide-cita-ahora","status":"publish","type":"page","link":"https:\/\/enfermera.io\/barcelona\/pide-cita-ahora\/","title":{"rendered":"Pide cita ahora"},"content":{"rendered":"\n<p>Puedes pedir cita de <strong>enfermer\u00eda a domicilio<\/strong> a trav\u00e9s de tel\u00e9fono, WhastApp o email.<\/p>\n\n\n\n<p><strong>Tel\u00e9fono<\/strong> para citas de enfermer\u00eda a domicilio:  <a href=\"tel:+34615441170\">615 441 170<\/a><\/p>\n\n\n\n<p><strong>WhatsApp<\/strong> para cita de enfermer\u00eda a domicilio:  <a href=\"https:\/\/wa.me\/34615441170\" target=\"_blank\" rel=\"noreferrer noopener\">615 441 170<\/a><\/p>\n\n\n\n<div class=\"wp-block-contact-form-7-contact-form-selector\">\n<div class=\"wpcf7 no-js\" id=\"wpcf7-f14846-o1\" lang=\"es-ES\" dir=\"ltr\">\n<div class=\"screen-reader-response\"><p role=\"status\" aria-live=\"polite\" aria-atomic=\"true\"><\/p> <ul><\/ul><\/div>\n<form action=\"\/barcelona\/wp-json\/wp\/v2\/pages\/16159#wpcf7-f14846-o1\" method=\"post\" class=\"wpcf7-form init\" aria-label=\"Formulario de contacto\" novalidate=\"novalidate\" data-status=\"init\">\n<div style=\"display: none;\">\n<input type=\"hidden\" name=\"_wpcf7\" value=\"14846\" \/>\n<input type=\"hidden\" name=\"_wpcf7_version\" value=\"5.9.8\" \/>\n<input type=\"hidden\" name=\"_wpcf7_locale\" value=\"es_ES\" \/>\n<input type=\"hidden\" name=\"_wpcf7_unit_tag\" value=\"wpcf7-f14846-o1\" \/>\n<input type=\"hidden\" name=\"_wpcf7_container_post\" value=\"0\" \/>\n<input type=\"hidden\" name=\"_wpcf7_posted_data_hash\" value=\"\" \/>\n<\/div>\n\n<h2>Pide cita por email\n<\/h2>\n<fieldset>\n\t<legend class=\"h3-size\">Servicio de enfermer\u00eda\n\t<\/legend>\n\t<p><span class=\"wpcf7-form-control-wrap\" data-name=\"menu-470\"><select class=\"wpcf7-form-control wpcf7-select wpcf7-validates-as-required\" aria-required=\"true\" aria-invalid=\"false\" name=\"menu-470\"><option value=\"\">Selecciona un servicio*<\/option><option value=\"PCR\">PCR<\/option><option value=\"Ant\u00edgenos\">Ant\u00edgenos<\/option><option value=\"Inyecciones\">Inyecciones<\/option><option value=\"An\u00e1lisis\">An\u00e1lisis<\/option><\/select><\/span><br \/>\n<label>Selecciona una fecha <strong>pulsando en el icono del calendario<\/strong>*<\/label><br \/>\n<span class=\"wpcf7-form-control-wrap\" data-name=\"date-645\"><input class=\"wpcf7-form-control wpcf7-date wpcf7-validates-as-required wpcf7-validates-as-date\" min=\"2026-04-09\" aria-required=\"true\" aria-invalid=\"false\" value=\"\" type=\"date\" name=\"date-645\" \/><\/span>\n\t<\/p>\n\t<p><label>Selecciona una hora*<\/label><br \/>\n<span class=\"wpcf7-form-control-wrap\" data-name=\"menu-553\"><select class=\"wpcf7-form-control wpcf7-select wpcf7-validates-as-required\" aria-required=\"true\" aria-invalid=\"false\" name=\"menu-553\"><option value=\"\">00:00<\/option><option value=\"09:00\">09:00<\/option><option value=\"09:15\">09:15<\/option><option value=\"09:30\">09:30<\/option><option value=\"09:45\">09:45<\/option><option value=\"10:00\">10:00<\/option><option value=\"10:15\">10:15<\/option><option value=\"10:30\">10:30<\/option><option value=\"10:45\">10:45<\/option><option value=\"11:00\">11:00<\/option><option value=\"11:15\">11:15<\/option><option value=\"11:30\">11:30<\/option><option value=\"11:45\">11:45<\/option><option value=\"12:00\">12:00<\/option><option value=\"12:15\">12:15<\/option><option value=\"12:30\">12:30<\/option><option value=\"12:45\">12:45<\/option><option value=\"13:00\">13:00<\/option><option value=\"13:15\">13:15<\/option><option value=\"13:30\">13:30<\/option><option value=\"13:45\">13:45<\/option><option value=\"14:00\">14:00<\/option><option value=\"14:15\">14:15<\/option><option value=\"14:30\">14:30<\/option><option value=\"14:45\">14:45<\/option><option value=\"15:00\">15:00<\/option><option value=\"15:15\">15:15<\/option><option value=\"15:30\">15:30<\/option><option value=\"15:45\">15:45<\/option><option value=\"16:00\">16:00<\/option><option value=\"16:15\">16:15<\/option><option value=\"16:30\">16:30<\/option><option value=\"16:45\">16:45<\/option><option value=\"17:00\">17:00<\/option><option value=\"17:15\">17:15<\/option><option value=\"17:30\">17:30<\/option><option value=\"17:45\">17:45<\/option><option value=\"18:00\">18:00<\/option><option value=\"18:15\">18:15<\/option><option value=\"18:30\">18:30<\/option><option value=\"18:45\">18:45<\/option><option value=\"19:00\">19:00<\/option><option value=\"19:15\">19:15<\/option><option value=\"19:30\">19:30<\/option><option value=\"19:45\">19:45<\/option><option value=\"20:00\">20:00<\/option><option value=\"20:15\">20:15<\/option><option value=\"20:30\">20:30<\/option><option value=\"20:45\">20:45<\/option><option value=\"21:00\">21:00<\/option><option value=\"21:15\">21:15<\/option><option value=\"21:30\">21:30<\/option><option value=\"21:45\">21:45<\/option><option value=\"22:00\">22:00<\/option><option value=\"22:15\">22:15<\/option><option value=\"22:30\">22:30<\/option><option value=\"22:45\">22:45<\/option><option value=\"23:00\">23:00<\/option><option value=\"23:15\">23:15<\/option><option value=\"23:30\">23:30<\/option><option value=\"23:45\">23:45<\/option><option value=\"00:00\">00:00<\/option><option value=\"00:15\">00:15<\/option><option value=\"00:30\">00:30<\/option><option value=\"00:45\">00:45<\/option><option value=\"01:00\">01:00<\/option><option value=\"01:15\">01:15<\/option><option value=\"01:30\">01:30<\/option><option value=\"01:45\">01:45<\/option><option value=\"02:00\">02:00<\/option><option value=\"02:15\">02:15<\/option><option value=\"02:30\">02:30<\/option><option value=\"02:45\">02:45<\/option><option value=\"03:00\">03:00<\/option><option value=\"03:15\">03:15<\/option><option value=\"03:30\">03:30<\/option><option value=\"03:45\">03:45<\/option><option value=\"04:00\">04:00<\/option><option value=\"04:15\">04:15<\/option><option value=\"04:30\">04:30<\/option><option value=\"04:45\">04:45<\/option><option value=\"05:00\">05:00<\/option><option value=\"05:15\">05:15<\/option><option value=\"05:30\">05:30<\/option><option value=\"05:45\">05:45<\/option><option value=\"06:00\">06:00<\/option><option value=\"06:15\">06:15<\/option><option value=\"06:30\">06:30<\/option><option value=\"06:45\">06:45<\/option><option value=\"07:00\">07:00<\/option><option value=\"07:15\">07:15<\/option><option value=\"07:30\">07:30<\/option><option value=\"07:45\">07:45<\/option><option value=\"08:00\">08:00<\/option><option value=\"08:15\">08:15<\/option><option value=\"08:30\">08:30<\/option><option value=\"08:45\">08:45<\/option><\/select><\/span>\n\t<\/p>\n<\/fieldset>\n<fieldset>\n\t<legend class=\"h3-size\">Datos de contacto\n\t<\/legend>\n\t<p><span class=\"wpcf7-form-control-wrap\" data-name=\"your-name\"><input size=\"40\" maxlength=\"400\" class=\"wpcf7-form-control wpcf7-text wpcf7-validates-as-required\" aria-required=\"true\" aria-invalid=\"false\" placeholder=\"Nombre*\" value=\"\" type=\"text\" name=\"your-name\" \/><\/span><br \/>\n<span class=\"wpcf7-form-control-wrap\" data-name=\"your-email\"><input size=\"40\" maxlength=\"400\" class=\"wpcf7-form-control wpcf7-email wpcf7-validates-as-required wpcf7-text wpcf7-validates-as-email\" aria-required=\"true\" aria-invalid=\"false\" placeholder=\"email*\" value=\"\" type=\"email\" name=\"your-email\" \/><\/span><br \/>\n<span class=\"wpcf7-form-control-wrap\" data-name=\"tel-762\"><input size=\"40\" maxlength=\"400\" class=\"wpcf7-form-control wpcf7-tel wpcf7-validates-as-required wpcf7-text wpcf7-validates-as-tel\" aria-required=\"true\" aria-invalid=\"false\" placeholder=\"Tel\u00e9fono*\" value=\"\" type=\"tel\" name=\"tel-762\" \/><\/span>\n\t<\/p>\n<\/fieldset>\n<input class=\"wpcf7-form-control wpcf7-hidden\" value=\"\" type=\"hidden\" name=\"e\" \/>\n<div class=\"txtlegal\">\n\t<p><span class=\"wpcf7-form-control-wrap\" data-name=\"checkbox\"><span class=\"wpcf7-form-control wpcf7-checkbox wpcf7-validates-as-required\"><span class=\"wpcf7-list-item first last\"><input type=\"checkbox\" name=\"checkbox[]\" value=\"Acepto que mis datos sean tratados en los t\u00e9rminos y fines se\u00f1alados debajo.\" \/><span class=\"wpcf7-list-item-label\">Acepto que mis datos sean tratados en los t\u00e9rminos y fines se\u00f1alados debajo.<\/span><\/span><\/span><\/span>\n\t<\/p>\n<\/div>\n<div class=\"txtlegal\">\n\t<p><span class=\"wpcf7-form-control-wrap\" data-name=\"checkbox\"><span class=\"wpcf7-form-control wpcf7-checkbox wpcf7-validates-as-required\"><span class=\"wpcf7-list-item first last\"><input type=\"checkbox\" name=\"checkbox[]\" value=\"Acepto recibir informaci\u00f3n complementaria mediante correo electr\u00f3nico.\" \/><span class=\"wpcf7-list-item-label\">Acepto recibir informaci\u00f3n complementaria mediante correo electr\u00f3nico.<\/span><\/span><\/span><\/span>\n\t<\/p>\n<\/div>\n<p><input class=\"wpcf7-form-control wpcf7-submit has-spinner btn-accion\" type=\"submit\" value=\"Enviar\" \/>\n<\/p>\n<ul style=\"  list-style: none;\">\n\t<li>\n\t\t<p><small><strong>RESPONSABLE<\/strong>: Los datos personales proporcionados formar\u00e1n parte de un fichero de Clientes propiedad de <strong>KNOWMENT, AIE<\/strong>, con CIF V97269294 y domicilio social en Paseo de la Habana 26 2\u00ba 28036 Madrid debidamente custodiado y al que se aplicar\u00e1n las medidas de seguridad obligatorias.<\/small>\n\t\t<\/p>\n\t<\/li>\n\t<li>\n\t\t<p><small><strong>FINALIDAD<\/strong>: Los datos se utilizar\u00e1n para tratamientos de enfermer\u00eda, extracciones, pruebas diagn\u00f3sticas, suministro de medicaci\u00f3n, mantenimiento de la salud, prevenci\u00f3n, rehabilitaci\u00f3n, acompa\u00f1amiento, gesti\u00f3n administrativa y suministro de informaciones complementarias relacionadas con los servicios de la empresa.<\/small>\n\t\t<\/p>\n\t<\/li>\n\t<li>\n\t\t<p><small><strong>DESTINATARIOS<\/strong>: Los datos pueden ser cedidos a otras empresas colaboradoras, con la finalidad de completar las prestaciones de los servicios contratados.<\/small>\n\t\t<\/p>\n\t<\/li>\n\t<li>\n\t\t<p><small><strong>DERECHOS<\/strong>: En cualquier momento Ud., podr\u00e1 ejercitar sus derechos de acceso, rectificaci\u00f3n, supresi\u00f3n, oposici\u00f3n, portabilidad y limitaci\u00f3n del tratamiento, dirigi\u00e9ndose a <strong>KNOWMENT, AIE<\/strong>, y domicilio social en Paseo de la Habana 26 2\u00ba 28036 Madrid o cualquier otra direcci\u00f3n v\u00e1lida<\/small>\n\t\t<\/p>\n\t<\/li>\n\t<li>\n\t\t<p><small><strong>TIEMPO<\/strong>: Sus datos ser\u00e1n guardados durante 5 a\u00f1os<\/small>\n\t\t<\/p>\n\t<\/li>\n\t<li>\n\t\t<p><small><strong>ALMACENAMIENTO DE LOS DATOS<\/strong>: Base de datos alojada en Comvive Servidores S.L. (UE)<\/small>\n\t\t<\/p>\n\t<\/li>\n\t<li>\n\t\t<p><small><strong>LEGITIMACI\u00d3N<\/strong>: Consentimiento del interesado al tratamiento de sus datos<\/small>\n\t\t<\/p>\n\t<\/li>\n\t<li>\n\t\t<p><small><strong>DPD<\/strong>: Puede comunicar con nuestro delegado de protecci\u00f3n de datos en la direcci\u00f3n <a href=\"mailto:hola@enfermera.io\">hola@enfermera.io<\/a><\/small>\n\t\t<\/p>\n\t<\/li>\n\t<li>\n\t\t<p><small><strong>AGPD<\/strong>: Tiene Ud. derecho a presentar una reclamaci\u00f3n ante las Autoridades de Control (<a href=\"https:\/\/www.aepd.es\/es\">https:\/\/www.aepd.es\/es<\/a>)<\/small>\n\t\t<\/p>\n\t<\/li>\n<\/ul>\n<p><small>Si desea ampliar estas informaciones puedo hacerlo en nuestra p\u00e1gina de <a href=\"https:\/\/enfermera.io\/politica-de-privacidad\/\">pol\u00edtica de privacidad<\/a>\u00a0y\u00a0<a href=\"https:\/\/enfermera.io\/uso-cookies\/\">uso de cookies<\/a><\/small>\n<\/p><div class=\"wpcf7-response-output\" aria-hidden=\"true\"><\/div>\n<\/form>\n<\/div>\n<\/div>\n\n\n\n<p><\/p>\n","protected":false},"excerpt":{"rendered":"<p>Puedes pedir cita de enfermer\u00eda a domicilio a trav\u00e9s de tel\u00e9fono, WhastApp o email. Tel\u00e9fono para citas de enfermer\u00eda a domicilio: 615 441 170 WhatsApp para cita de enfermer\u00eda a domicilio: 615 441 170<\/p>\n","protected":false},"author":18,"featured_media":0,"parent":0,"menu_order":0,"comment_status":"closed","ping_status":"closed","template":"","meta":{"footnotes":""},"class_list":["post-16159","page","type-page","status-publish","hentry"],"yoast_head":"<!-- This site is optimized with the Yoast SEO Premium plugin v23.7 (Yoast SEO v23.7) - https:\/\/yoast.com\/wordpress\/plugins\/seo\/ -->\n<title>Pide cita ahora - Encuentra una enfermera en Barcelona<\/title>\n<meta name=\"robots\" content=\"index, follow, max-snippet:-1, max-image-preview:large, max-video-preview:-1\" \/>\n<link rel=\"canonical\" href=\"https:\/\/enfermera.io\/barcelona\/pide-cita-ahora\/\" \/>\n<meta property=\"og:locale\" content=\"es_ES\" \/>\n<meta property=\"og:type\" content=\"article\" \/>\n<meta property=\"og:title\" content=\"Pide cita ahora\" \/>\n<meta property=\"og:description\" content=\"Puedes pedir cita de enfermer\u00eda a domicilio a trav\u00e9s de tel\u00e9fono, WhastApp o email. Tel\u00e9fono para citas de enfermer\u00eda a domicilio: 615 441 170 WhatsApp para cita de enfermer\u00eda a domicilio: 615 441 170\" \/>\n<meta property=\"og:url\" content=\"https:\/\/enfermera.io\/barcelona\/pide-cita-ahora\/\" \/>\n<meta property=\"og:site_name\" content=\"Encuentra una enfermera en Barcelona\" \/>\n<meta property=\"article:modified_time\" content=\"2022-03-04T09:40:13+00:00\" \/>\n<meta name=\"twitter:card\" content=\"summary_large_image\" \/>\n<meta name=\"twitter:label1\" content=\"Tiempo de lectura\" \/>\n\t<meta name=\"twitter:data1\" content=\"1 minuto\" \/>\n<script type=\"application\/ld+json\" class=\"yoast-schema-graph\">{\"@context\":\"https:\/\/schema.org\",\"@graph\":[{\"@type\":\"WebPage\",\"@id\":\"https:\/\/enfermera.io\/barcelona\/pide-cita-ahora\/\",\"url\":\"https:\/\/enfermera.io\/barcelona\/pide-cita-ahora\/\",\"name\":\"Pide cita ahora - Encuentra una enfermera en Barcelona\",\"isPartOf\":{\"@id\":\"https:\/\/enfermera.io\/barcelona\/#website\"},\"datePublished\":\"2022-02-17T11:03:56+00:00\",\"dateModified\":\"2022-03-04T09:40:13+00:00\",\"breadcrumb\":{\"@id\":\"https:\/\/enfermera.io\/barcelona\/pide-cita-ahora\/#breadcrumb\"},\"inLanguage\":\"es\",\"potentialAction\":[{\"@type\":\"ReadAction\",\"target\":[\"https:\/\/enfermera.io\/barcelona\/pide-cita-ahora\/\"]}]},{\"@type\":\"BreadcrumbList\",\"@id\":\"https:\/\/enfermera.io\/barcelona\/pide-cita-ahora\/#breadcrumb\",\"itemListElement\":[{\"@type\":\"ListItem\",\"position\":1,\"name\":\"Portada\",\"item\":\"https:\/\/enfermera.io\/barcelona\/\"},{\"@type\":\"ListItem\",\"position\":2,\"name\":\"Pide cita ahora\"}]},{\"@type\":\"WebSite\",\"@id\":\"https:\/\/enfermera.io\/barcelona\/#website\",\"url\":\"https:\/\/enfermera.io\/barcelona\/\",\"name\":\"Encuentra una enfermera en Barcelona\",\"description\":\"Recomendaci\u00f3n de servicios de enfermer\u00eda en Barcelona.\",\"potentialAction\":[{\"@type\":\"SearchAction\",\"target\":{\"@type\":\"EntryPoint\",\"urlTemplate\":\"https:\/\/enfermera.io\/barcelona\/?s={search_term_string}\"},\"query-input\":{\"@type\":\"PropertyValueSpecification\",\"valueRequired\":true,\"valueName\":\"search_term_string\"}}],\"inLanguage\":\"es\"}]}<\/script>\n<!-- \/ Yoast SEO Premium plugin. -->","yoast_head_json":{"title":"Pide cita ahora - Encuentra una enfermera en Barcelona","robots":{"index":"index","follow":"follow","max-snippet":"max-snippet:-1","max-image-preview":"max-image-preview:large","max-video-preview":"max-video-preview:-1"},"canonical":"https:\/\/enfermera.io\/barcelona\/pide-cita-ahora\/","og_locale":"es_ES","og_type":"article","og_title":"Pide cita ahora","og_description":"Puedes pedir cita de enfermer\u00eda a domicilio a trav\u00e9s de tel\u00e9fono, WhastApp o email. Tel\u00e9fono para citas de enfermer\u00eda a domicilio: 615 441 170 WhatsApp para cita de enfermer\u00eda a domicilio: 615 441 170","og_url":"https:\/\/enfermera.io\/barcelona\/pide-cita-ahora\/","og_site_name":"Encuentra una enfermera en Barcelona","article_modified_time":"2022-03-04T09:40:13+00:00","twitter_card":"summary_large_image","twitter_misc":{"Tiempo de lectura":"1 minuto"},"schema":{"@context":"https:\/\/schema.org","@graph":[{"@type":"WebPage","@id":"https:\/\/enfermera.io\/barcelona\/pide-cita-ahora\/","url":"https:\/\/enfermera.io\/barcelona\/pide-cita-ahora\/","name":"Pide cita ahora - Encuentra una enfermera en Barcelona","isPartOf":{"@id":"https:\/\/enfermera.io\/barcelona\/#website"},"datePublished":"2022-02-17T11:03:56+00:00","dateModified":"2022-03-04T09:40:13+00:00","breadcrumb":{"@id":"https:\/\/enfermera.io\/barcelona\/pide-cita-ahora\/#breadcrumb"},"inLanguage":"es","potentialAction":[{"@type":"ReadAction","target":["https:\/\/enfermera.io\/barcelona\/pide-cita-ahora\/"]}]},{"@type":"BreadcrumbList","@id":"https:\/\/enfermera.io\/barcelona\/pide-cita-ahora\/#breadcrumb","itemListElement":[{"@type":"ListItem","position":1,"name":"Portada","item":"https:\/\/enfermera.io\/barcelona\/"},{"@type":"ListItem","position":2,"name":"Pide cita ahora"}]},{"@type":"WebSite","@id":"https:\/\/enfermera.io\/barcelona\/#website","url":"https:\/\/enfermera.io\/barcelona\/","name":"Encuentra una enfermera en Barcelona","description":"Recomendaci\u00f3n de servicios de enfermer\u00eda en Barcelona.","potentialAction":[{"@type":"SearchAction","target":{"@type":"EntryPoint","urlTemplate":"https:\/\/enfermera.io\/barcelona\/?s={search_term_string}"},"query-input":{"@type":"PropertyValueSpecification","valueRequired":true,"valueName":"search_term_string"}}],"inLanguage":"es"}]}},"_links":{"self":[{"href":"https:\/\/enfermera.io\/barcelona\/wp-json\/wp\/v2\/pages\/16159"}],"collection":[{"href":"https:\/\/enfermera.io\/barcelona\/wp-json\/wp\/v2\/pages"}],"about":[{"href":"https:\/\/enfermera.io\/barcelona\/wp-json\/wp\/v2\/types\/page"}],"author":[{"embeddable":true,"href":"https:\/\/enfermera.io\/barcelona\/wp-json\/wp\/v2\/users\/18"}],"replies":[{"embeddable":true,"href":"https:\/\/enfermera.io\/barcelona\/wp-json\/wp\/v2\/comments?post=16159"}],"version-history":[{"count":0,"href":"https:\/\/enfermera.io\/barcelona\/wp-json\/wp\/v2\/pages\/16159\/revisions"}],"wp:attachment":[{"href":"https:\/\/enfermera.io\/barcelona\/wp-json\/wp\/v2\/media?parent=16159"}],"curies":[{"name":"wp","href":"https:\/\/api.w.org\/{rel}","templated":true}]}}